

{"id":97,"date":"2025-04-11T22:02:44","date_gmt":"2025-04-11T20:02:44","guid":{"rendered":"https:\/\/jnrr2025.irisa.fr\/?page_id=97"},"modified":"2025-04-14T18:08:54","modified_gmt":"2025-04-14T16:08:54","slug":"lieu-acces","status":"publish","type":"page","link":"https:\/\/jnrr2025.irisa.fr\/it\/lieu-acces\/","title":{"rendered":"Luogo e accesso"},"content":{"rendered":"<p><strong>\ud83d\udccd Luogo della conferenza<\/strong><\/p>\n\n\n\n<p>La conferenza si terr\u00e0 presso l&#8217;IRISA, nell&#8217;anfiteatro del centro Inria dell&#8217;Universit\u00e0 di Rennes.<\/p>\n\n\n\n<p><strong>\ud83e\udded Accesso<\/strong><\/p>\n\n\n\n<p>Il centro Inria dell&#8217;Universit\u00e0 di Rennes si trova nel campus universitario di Beaulieu, a est di Rennes: <a href=\"https:\/\/maps.app.goo.gl\/BhtwUJv2b1rsUKwP9\" target=\"_blank\" rel=\"noreferrer noopener\">https:\/\/maps.app.goo.gl\/BhtwUJv2b1rsUKwP9<\/a> (mappa interattiva <a href=\"https:\/\/www.irisa.fr\/localisez-nous-rennes\" data-type=\"URL\" data-id=\"https:\/\/www.irisa.fr\/localisez-nous-rennes\">qui<\/a>).<\/p>\n\n\n\n<p><strong>\ud83d\udec2 Tutti i partecipanti devono registrarsi alla reception con un documento di identit\u00e0.<\/strong><\/p>\n\n\n\n<p><strong>\ud83d\udeb6 Accesso con i mezzi pubblici<\/strong><\/p>\n\n\n\n<ul class=\"wp-block-list\"><li>Dal centro citt\u00e0: circa 20-30 minuti in autobus.<\/li><li>Linee di autobus C4 o C6 (fermata \u201cLes Pr\u00e9ales\u201d o \u201cTournebride\u201d), poi circa 5 minuti a piedi.<\/li><li>La stazione della metro pi\u00f9 vicina: \u201cBeaulieu \u2013 Universit\u00e9\u201d (linea B), poi circa 10 minuti a piedi.<\/li><li>\u00c8 possibile convalidare il proprio titolo di viaggio direttamente con una carta di credito salendo sull\u2019autobus o entrando in una stazione della metropolitana.<\/li><\/ul>\n\n\n\n<p><strong>\ud83d\ude84 Dalla stazione ferroviaria<\/strong><\/p>\n\n\n\n<ul class=\"wp-block-list\"><li>Autobus C4 o C6 dalla fermata \u201cMus\u00e9e des Beaux-Arts\u201d, a circa 5 minuti dalla stazione.<\/li><li>Oppure metropolitana linea B, direttamente dalla stazione, in direzione \u201cCesson \u2013 Viasilva\u201d fino a \u201cBeaulieu \u2013 Universit\u00e9\u201d.<\/li><\/ul>\n\n\n\n<p>\u2708\ufe0f <strong>Dall&#8217;aeroporto<\/strong><\/p>\n\n\n\n<ul class=\"wp-block-list\"><li>prendere un taxi o la linea di autobus C6 in direzione <strong>Cesson-S\u00e9vign\u00e9 Rigourdi\u00e8re<\/strong>. Scendere alla fermata <strong>Tournebride<\/strong>.<\/li><\/ul>\n\n\n\n<p><strong>\ud83d\ude97 In auto<\/strong><\/p>\n\n\n\n<ul class=\"wp-block-list\"><li class=\"\">Accesso dalla circonvallazione est di Rennes (uscita 15).<\/li><li class=\"\">Parcheggio disponibile nelle vicinanze (attenzione ai posti limitati nel campus).<\/li><\/ul>","protected":false},"excerpt":{"rendered":"<p>\ud83d\udccd Luogo della conferenza La conferenza si terr\u00e0 presso l&#8217;IRISA, nell&#8217;anfiteatro del centro Inria dell&#8217;Universit\u00e0 di Rennes. \ud83e\udded Accesso Il centro Inria dell&#8217;Universit\u00e0 di Rennes si trova nel campus universitario di Beaulieu, a est di Rennes: https:\/\/maps.app.goo.gl\/BhtwUJv2b1rsUKwP9 (mappa interattiva qui). \ud83d\udec2 Tutti i partecipanti devono registrarsi alla reception con un\u2026<\/p>\n<p> <a class=\"continue-reading-link\" href=\"https:\/\/jnrr2025.irisa.fr\/it\/lieu-acces\/\"><span>Continue reading<\/span><i class=\"crycon-right-dir\"><\/i><\/a> <\/p>\n","protected":false},"author":1364,"featured_media":0,"parent":0,"menu_order":0,"comment_status":"closed","ping_status":"closed","template":"","meta":{"footnotes":""},"class_list":["post-97","page","type-page","status-publish","hentry"],"_links":{"self":[{"href":"https:\/\/jnrr2025.irisa.fr\/it\/wp-json\/wp\/v2\/pages\/97","targetHints":{"allow":["GET"]}}],"collection":[{"href":"https:\/\/jnrr2025.irisa.fr\/it\/wp-json\/wp\/v2\/pages"}],"about":[{"href":"https:\/\/jnrr2025.irisa.fr\/it\/wp-json\/wp\/v2\/types\/page"}],"author":[{"embeddable":true,"href":"https:\/\/jnrr2025.irisa.fr\/it\/wp-json\/wp\/v2\/users\/1364"}],"replies":[{"embeddable":true,"href":"https:\/\/jnrr2025.irisa.fr\/it\/wp-json\/wp\/v2\/comments?post=97"}],"version-history":[{"count":58,"href":"https:\/\/jnrr2025.irisa.fr\/it\/wp-json\/wp\/v2\/pages\/97\/revisions"}],"predecessor-version":[{"id":251,"href":"https:\/\/jnrr2025.irisa.fr\/it\/wp-json\/wp\/v2\/pages\/97\/revisions\/251"}],"wp:attachment":[{"href":"https:\/\/jnrr2025.irisa.fr\/it\/wp-json\/wp\/v2\/media?parent=97"}],"curies":[{"name":"wp","href":"https:\/\/api.w.org\/{rel}","templated":true}]}}