

{"id":480,"date":"2025-06-27T13:29:15","date_gmt":"2025-06-27T11:29:15","guid":{"rendered":"https:\/\/jnrr2025.irisa.fr\/?page_id=480"},"modified":"2025-07-09T03:54:14","modified_gmt":"2025-07-09T01:54:14","slug":"code-de-conduit","status":"publish","type":"page","link":"https:\/\/jnrr2025.irisa.fr\/it\/code-de-conduit\/","title":{"rendered":"Codice di condotta"},"content":{"rendered":"<p>Le JNRR cercano di offrire un ambiente rispettoso, sicuro e inclusivo a tutte le persone che partecipano a queste giornate scientifiche, cos\u00ec come alle persone del laboratorio ospitante, senza discriminazioni, indipendentemente dall&#8217;et\u00e0, stato di salute, opinioni politiche, aspetto fisico, vulnerabilit\u00e0 economica, sesso, disabilit\u00e0, attivit\u00e0 sindacali, nome, capacit\u00e0 di esprimersi in una lingua diversa dal francese, origine, caratteristiche genetiche, opinioni filosofiche, costumi, domiciliazione bancaria, identit\u00e0 di genere, orientamento sessuale, perdita di autonomia, luogo di residenza, gravidanza, situazione familiare, credenze, appartenenza o non appartenenza a una religione e appartenenza o non appartenenza a un&#8217;etnia o una nazione.<\/p>\n\n\n\n<p>Offrire JNRR senza discriminazioni richiede una comunit\u00e0 e un ambiente che riconoscano e rispettino il valore intrinseco di ogni persona.<\/p>\n\n\n\n<p>L&#8217;obiettivo di queste giornate \u00e8 scambiare liberamente idee, presentare lavori scientifici e dibattere su temi scientifici al centro di queste giornate, in uno spirito di apertura intellettuale e benevolenza. Le persone che partecipano alle JNRR si impegnano a rispettare gli standard pi\u00f9 elevati in materia di integrit\u00e0 scientifica (affidabilit\u00e0, onest\u00e0, rispetto, responsabilit\u00e0), comportamento responsabile nei confronti delle persone (cortesia, equit\u00e0, rispetto) e dell&#8217;ambiente (lasciare i luoghi puliti, non sprecare, non danneggiare il materiale) e condotta etica e professionale.<\/p>\n\n\n\n<p>Le persone che partecipano alle JNRR si impegnano a offrire un&#8217;esperienza senza molestie durante questo evento, rispettando la dignit\u00e0 e i diritti di ogni persona e senza compromettere il suo futuro professionale. \u00c8 anche importante tenere presente che le gerarchie evidenti o percepite nel mondo della ricerca possono rendere difficile per i nuovi membri della comunit\u00e0 esprimere disagio riguardo a commenti o comportamenti.<\/p>\n\n\n\n<p>I seguenti comportamenti sono considerati inaccettabili:<\/p>\n\n\n\n<ul class=\"wp-block-list\"><li>Minacce o atteggiamenti aggressivi verso un&#8217;altra persona.<\/li><li>Battute o altri atti di natura discriminatoria.<\/li><li>Azioni sessiste.<\/li><li>Divulgazione o minacce di divulgazione di informazioni scambiate durante discussioni private senza il consenso dei protagonisti, compresi sui social media.<\/li><li>Insulti personali, in particolare utilizzando termini razzisti, sessisti, omofobi o xenofobi.<\/li><li>Solleciti inopinati di intimit\u00e0 emotiva o fisica come avances sessuali, contatti a connotazione sessuale e gesti o commenti relativi al sesso, alla preferenza sessuale o agli abiti di un&#8217;altra persona.<\/li><li>La messa in discussione dei principi descritti sopra.<\/li><\/ul>\n\n\n\n<p>Il comitato organizzatore delle JNRR si riserva il diritto di prendere tutte le misure ritenute necessarie a seguito di una violazione del presente Codice di condotta. Questo include, senza pregiudizio di altre azioni, la segnalazione alle istituzioni ospitanti e l&#8217;esclusione permanente dalle JNRR. A titolo di promemoria, le molestie sessuali, le molestie morali e le ingiurie a carattere razzista o discriminatorio sono reati puniti dalla legge. In caso di violazione del Codice di condotta, le persone interessate o testimoni hanno la possibilit\u00e0 di contattare il Comitato organizzatore.<\/p>\n\n\n\n<p><strong>Referenti<\/strong><\/p>\n\n\n\n<figure class=\"wp-block-table\">\n<table style=\"width: 100%;\">\n<tbody>\n<tr>\n<td style=\"width: 18.5715%;\"><img loading=\"lazy\" decoding=\"async\" width=\"150\" height=\"200\" class=\"wp-image-485\" style=\"width: 150px;\" src=\"https:\/\/jnrr2025.irisa.fr\/files\/2025\/07\/clairedune-scaled.jpg\" alt=\"\" srcset=\"https:\/\/jnrr2025.irisa.fr\/files\/2025\/07\/clairedune-scaled.jpg 1920w, https:\/\/jnrr2025.irisa.fr\/files\/2025\/07\/clairedune-225x300.jpg 225w, https:\/\/jnrr2025.irisa.fr\/files\/2025\/07\/clairedune-768x1024.jpg 768w, https:\/\/jnrr2025.irisa.fr\/files\/2025\/07\/clairedune-1152x1536.jpg 1152w, https:\/\/jnrr2025.irisa.fr\/files\/2025\/07\/clairedune-1536x2048.jpg 1536w, https:\/\/jnrr2025.irisa.fr\/files\/2025\/07\/clairedune-113x150.jpg 113w\" sizes=\"auto, (max-width: 150px) 100vw, 150px\" \/><\/td>\n<td style=\"width: 81.3095%;\">Claire Dune<br>Laboratoire COSMER \/ IUT GEII<br>Universit\u00e9 de TOULON<\/td>\n<\/tr>\n<tr>\n<td style=\"width: 18.5715%;\"><img loading=\"lazy\" decoding=\"async\" width=\"150\" height=\"150\" class=\"wp-image-192\" style=\"width: 150px;\" src=\"https:\/\/jnrr2025.irisa.fr\/files\/2025\/04\/ClaudioPacchierotti.jpg\" alt=\"\" srcset=\"https:\/\/jnrr2025.irisa.fr\/files\/2025\/04\/ClaudioPacchierotti.jpg 769w, https:\/\/jnrr2025.irisa.fr\/files\/2025\/04\/ClaudioPacchierotti-300x300.jpg 300w, https:\/\/jnrr2025.irisa.fr\/files\/2025\/04\/ClaudioPacchierotti-150x150.jpg 150w\" sizes=\"auto, (max-width: 150px) 100vw, 150px\" \/><\/td>\n<td style=\"width: 81.3095%;\">Claudio Pacchierotti<br>IRISA \/ CNRS<\/td>\n<\/tr>\n<\/tbody>\n<\/table>\n<\/figure>\n\n\n\n<p><strong>Fonte<\/strong><br>Anne-C\u00e9cile Orgerie. Code de conduite &#8211; Journ\u00e9es scientifiques.\u00a0<em>GreenDays 2025<\/em>, Mar 2025, Rennes, France.\u00a0<a href=\"https:\/\/inria.hal.science\/hal-05041948\">https:\/\/inria.hal.science\/hal-05041948<\/a><\/p>","protected":false},"excerpt":{"rendered":"<p>Le JNRR cercano di offrire un ambiente rispettoso, sicuro e inclusivo a tutte le persone che partecipano a queste giornate scientifiche, cos\u00ec come alle persone del laboratorio ospitante, senza discriminazioni, indipendentemente dall&#8217;et\u00e0, stato di salute, opinioni politiche, aspetto fisico, vulnerabilit\u00e0 economica, sesso, disabilit\u00e0, attivit\u00e0 sindacali, nome, capacit\u00e0 di esprimersi in\u2026<\/p>\n<p> <a class=\"continue-reading-link\" href=\"https:\/\/jnrr2025.irisa.fr\/it\/code-de-conduit\/\"><span>Continue reading<\/span><i class=\"crycon-right-dir\"><\/i><\/a> <\/p>\n","protected":false},"author":1364,"featured_media":0,"parent":0,"menu_order":0,"comment_status":"closed","ping_status":"closed","template":"","meta":{"footnotes":""},"class_list":["post-480","page","type-page","status-publish","hentry"],"_links":{"self":[{"href":"https:\/\/jnrr2025.irisa.fr\/it\/wp-json\/wp\/v2\/pages\/480","targetHints":{"allow":["GET"]}}],"collection":[{"href":"https:\/\/jnrr2025.irisa.fr\/it\/wp-json\/wp\/v2\/pages"}],"about":[{"href":"https:\/\/jnrr2025.irisa.fr\/it\/wp-json\/wp\/v2\/types\/page"}],"author":[{"embeddable":true,"href":"https:\/\/jnrr2025.irisa.fr\/it\/wp-json\/wp\/v2\/users\/1364"}],"replies":[{"embeddable":true,"href":"https:\/\/jnrr2025.irisa.fr\/it\/wp-json\/wp\/v2\/comments?post=480"}],"version-history":[{"count":10,"href":"https:\/\/jnrr2025.irisa.fr\/it\/wp-json\/wp\/v2\/pages\/480\/revisions"}],"predecessor-version":[{"id":499,"href":"https:\/\/jnrr2025.irisa.fr\/it\/wp-json\/wp\/v2\/pages\/480\/revisions\/499"}],"wp:attachment":[{"href":"https:\/\/jnrr2025.irisa.fr\/it\/wp-json\/wp\/v2\/media?parent=480"}],"curies":[{"name":"wp","href":"https:\/\/api.w.org\/{rel}","templated":true}]}}