

{"id":97,"date":"2025-04-11T22:02:44","date_gmt":"2025-04-11T20:02:44","guid":{"rendered":"https:\/\/jnrr2025.irisa.fr\/?page_id=97"},"modified":"2025-04-14T18:08:54","modified_gmt":"2025-04-14T16:08:54","slug":"lieu-acces","status":"publish","type":"page","link":"https:\/\/jnrr2025.irisa.fr\/en\/lieu-acces\/","title":{"rendered":"Location &#038; Access"},"content":{"rendered":"<p><strong>\ud83d\udccd Conference Location<\/strong><\/p>\n\n\n\n<p>The conference will take place at IRISA, in the amphitheater of the Inria center at the University of Rennes.<\/p>\n\n\n\n<p><strong>\ud83e\udded Access<\/strong><\/p>\n\n\n\n<p>The Inria center at the University of Rennes is located on the Beaulieu university campus, to the east of Rennes: <a class=\"\" href=\"https:\/\/maps.app.goo.gl\/BhtwUJv2b1rsUKwP9\">https:\/\/maps.app.goo.gl\/BhtwUJv2b1rsUKwP9<\/a> (interactive map here).<\/p>\n\n\n\n<p><strong>\ud83d\udec2 All participants must check in at the reception desk with an ID.<\/strong><\/p>\n\n\n\n<p><strong>\ud83d\udeb6 Access by public transport<\/strong><\/p>\n\n\n\n<ul class=\"wp-block-list\"><li>From the city center: about 20-30 minutes by bus.<\/li><li>Bus lines C4 or C6 (stop &#8220;Les Pr\u00e9ales&#8221; or &#8220;Tournebride&#8221;), then about a 5-minute walk.<\/li><li>Nearest metro station: &#8220;Beaulieu \u2013 Universit\u00e9&#8221; (line B), then about 10 minutes on foot.<\/li><li>It is possible to validate your ticket directly with a credit card when boarding the bus or entering a metro station.<\/li><\/ul>\n\n\n\n<p><strong>\ud83d\ude84 From the train station<\/strong><\/p>\n\n\n\n<ul class=\"wp-block-list\"><li>Bus C4 or C6 from the &#8220;Mus\u00e9e des Beaux-Arts&#8221; stop, about 5 minutes from the train station.<\/li><li>Or metro line B, directly from the train station, towards \u201cCesson \u2013 Viasilva\u201d until \u201cBeaulieu \u2013 Universit\u00e9\u201d.<\/li><\/ul>\n\n\n\n<p>\u2708\ufe0f <strong>From the airport<\/strong><\/p>\n\n\n\n<ul class=\"wp-block-list\"><li>take a taxi or bus line C6 towards <strong>Cesson-S\u00e9vign\u00e9 Rigourdi\u00e8re<\/strong>. Get off at the <strong>Tournebride<\/strong> stop.<\/li><\/ul>\n\n\n\n<p><strong>\ud83d\ude97 By car<\/strong><\/p>\n\n\n\n<ul class=\"wp-block-list\"><li class=\"\">Access via the eastern bypass of Rennes (exit 15).<\/li><li class=\"\">Parking available nearby (be mindful of limited spaces on campus).<\/li><\/ul>","protected":false},"excerpt":{"rendered":"<p>\ud83d\udccd Conference Location The conference will take place at IRISA, in the amphitheater of the Inria center at the University of Rennes. \ud83e\udded Access The Inria center at the University of Rennes is located on the Beaulieu university campus, to the east of Rennes: https:\/\/maps.app.goo.gl\/BhtwUJv2b1rsUKwP9 (interactive map here). \ud83d\udec2 All\u2026<\/p>\n<p> <a class=\"continue-reading-link\" href=\"https:\/\/jnrr2025.irisa.fr\/en\/lieu-acces\/\"><span>Continue reading<\/span><i class=\"crycon-right-dir\"><\/i><\/a> <\/p>\n","protected":false},"author":1364,"featured_media":0,"parent":0,"menu_order":0,"comment_status":"closed","ping_status":"closed","template":"","meta":{"footnotes":""},"class_list":["post-97","page","type-page","status-publish","hentry"],"_links":{"self":[{"href":"https:\/\/jnrr2025.irisa.fr\/en\/wp-json\/wp\/v2\/pages\/97","targetHints":{"allow":["GET"]}}],"collection":[{"href":"https:\/\/jnrr2025.irisa.fr\/en\/wp-json\/wp\/v2\/pages"}],"about":[{"href":"https:\/\/jnrr2025.irisa.fr\/en\/wp-json\/wp\/v2\/types\/page"}],"author":[{"embeddable":true,"href":"https:\/\/jnrr2025.irisa.fr\/en\/wp-json\/wp\/v2\/users\/1364"}],"replies":[{"embeddable":true,"href":"https:\/\/jnrr2025.irisa.fr\/en\/wp-json\/wp\/v2\/comments?post=97"}],"version-history":[{"count":58,"href":"https:\/\/jnrr2025.irisa.fr\/en\/wp-json\/wp\/v2\/pages\/97\/revisions"}],"predecessor-version":[{"id":251,"href":"https:\/\/jnrr2025.irisa.fr\/en\/wp-json\/wp\/v2\/pages\/97\/revisions\/251"}],"wp:attachment":[{"href":"https:\/\/jnrr2025.irisa.fr\/en\/wp-json\/wp\/v2\/media?parent=97"}],"curies":[{"name":"wp","href":"https:\/\/api.w.org\/{rel}","templated":true}]}}