

{"id":97,"date":"2025-04-11T22:02:44","date_gmt":"2025-04-11T20:02:44","guid":{"rendered":"https:\/\/jnrr2025.irisa.fr\/?page_id=97"},"modified":"2025-04-14T18:08:54","modified_gmt":"2025-04-14T16:08:54","slug":"lieu-acces","status":"publish","type":"page","link":"https:\/\/jnrr2025.irisa.fr\/bre\/lieu-acces\/","title":{"rendered":"Lec\u2019h &#038; Mont"},"content":{"rendered":"<p><strong>\ud83d\udccd Lec\u2019h ar c\u2019hendiviz<\/strong><\/p>\n\n\n\n<p>Bez&#8217; e vo aozet ar c\u2019hendiviz e IRISA, er miko\u00f9-eskemm eus kreizenn Inria skol-veur Rennes.<\/p>\n\n\n\n<p><strong>\ud83e\udded Acc\u00e8s<\/strong><\/p>\n\n\n\n<p>Kreizenn Inria skol-veur Rennes a zo war kampus Beaulieu, e reter Rennes : <a class=\"\" href=\"https:\/\/maps.app.goo.gl\/BhtwUJv2b1rsUKwP9\">https:\/\/maps.app.goo.gl\/BhtwUJv2b1rsUKwP9<\/a> (kartenn kenwerzhiel ama\u00f1).<\/p>\n\n\n\n<p><strong>\ud83d\udec2 Goulenn a ra evit pep ouzhpenn sevel war al lec&#8217;hienn embregerezh gant ur c&#8217;hartenn ID.<\/strong><\/p>\n\n\n\n<p><strong>\ud83d\udeb6 Moned dre an treuzdougen foran<\/strong><\/p>\n\n\n\n<ul class=\"wp-block-list\"><li>A-benn ar c&#8217;h\u00ear : 20-30 munutenn gant un bus.<\/li><li>Liniado\u00f9 bus C4 pe C6 (ar stumm \u201cLes Pr\u00e9ales\u201d pe \u201cTournebride\u201d), goude-se tro-dro 5 munutenn war droad.<\/li><li>An urzhio\u00f9 metro ag egerenn \u201cBeaulieu \u2013 Universit\u00e9\u201d (linn B), un tamm 10 munutenn war dro.<\/li><li>Posupl eo gwiria\u00f1 e ditl beaj gant ur gartenn-vank war-eeun pa vez pignet er bus pe pa vez enet er savenn metro.<\/li><\/ul>\n\n\n\n<p><strong>\ud83d\ude84 A-benn war stasion an tren<\/strong><\/p>\n\n\n\n<ul class=\"wp-block-list\"><li>Bus C4 pe C6 a-benn ar stumm \u201cMus\u00e9e des Beaux-Arts\u201d, war-dro 5 munutenn diouzh ar gar.<\/li><li>Pe metro linenn B, a-hed a-dreuz diouzh ar gar, war-zu \u201cCesson \u2013 Viasilva\u201d betek \u201cBeaulieu \u2013 Universit\u00e9\u201d.<\/li><\/ul>\n\n\n\n<p>\u2708\ufe0f <strong>Diwar an aerborzh<\/strong><\/p>\n\n\n\n<ul class=\"wp-block-list\"><li>kemer un taksi pe linenn bus C6 war-zu <strong>Cesson-S\u00e9vign\u00e9 Rigourdi\u00e8re<\/strong>. Diskenn e chomlec&#8217;h <strong>Tournebride<\/strong>.<\/li><\/ul>\n\n\n\n<p><strong>\ud83d\ude97 E k\u00earaouet<\/strong><\/p>\n\n\n\n<ul class=\"wp-block-list\"><li class=\"\">A-benn un tamm-argouest k\u00ear Rennes (dero\u00f9 15).<\/li><li class=\"\">Ma vo parket e lec\u2019hio\u00f9 diouzh an arload (ne l\u00e2r mado\u00f9 zo war kampus).<\/li><\/ul>","protected":false},"excerpt":{"rendered":"<p>\ud83d\udccd Lec\u2019h ar c\u2019hendiviz Bez&#8217; e vo aozet ar c\u2019hendiviz e IRISA, er miko\u00f9-eskemm eus kreizenn Inria skol-veur Rennes. \ud83e\udded Acc\u00e8s Kreizenn Inria skol-veur Rennes a zo war kampus Beaulieu, e reter Rennes : https:\/\/maps.app.goo.gl\/BhtwUJv2b1rsUKwP9 (kartenn kenwerzhiel ama\u00f1). \ud83d\udec2 Goulenn a ra evit pep ouzhpenn sevel war al lec&#8217;hienn embregerezh\u2026<\/p>\n<p> <a class=\"continue-reading-link\" href=\"https:\/\/jnrr2025.irisa.fr\/bre\/lieu-acces\/\"><span>Continue reading<\/span><i class=\"crycon-right-dir\"><\/i><\/a> <\/p>\n","protected":false},"author":1364,"featured_media":0,"parent":0,"menu_order":0,"comment_status":"closed","ping_status":"closed","template":"","meta":{"footnotes":""},"class_list":["post-97","page","type-page","status-publish","hentry"],"_links":{"self":[{"href":"https:\/\/jnrr2025.irisa.fr\/bre\/wp-json\/wp\/v2\/pages\/97","targetHints":{"allow":["GET"]}}],"collection":[{"href":"https:\/\/jnrr2025.irisa.fr\/bre\/wp-json\/wp\/v2\/pages"}],"about":[{"href":"https:\/\/jnrr2025.irisa.fr\/bre\/wp-json\/wp\/v2\/types\/page"}],"author":[{"embeddable":true,"href":"https:\/\/jnrr2025.irisa.fr\/bre\/wp-json\/wp\/v2\/users\/1364"}],"replies":[{"embeddable":true,"href":"https:\/\/jnrr2025.irisa.fr\/bre\/wp-json\/wp\/v2\/comments?post=97"}],"version-history":[{"count":58,"href":"https:\/\/jnrr2025.irisa.fr\/bre\/wp-json\/wp\/v2\/pages\/97\/revisions"}],"predecessor-version":[{"id":251,"href":"https:\/\/jnrr2025.irisa.fr\/bre\/wp-json\/wp\/v2\/pages\/97\/revisions\/251"}],"wp:attachment":[{"href":"https:\/\/jnrr2025.irisa.fr\/bre\/wp-json\/wp\/v2\/media?parent=97"}],"curies":[{"name":"wp","href":"https:\/\/api.w.org\/{rel}","templated":true}]}}