

{"id":83,"date":"2025-04-11T21:17:06","date_gmt":"2025-04-11T19:17:06","guid":{"rendered":"https:\/\/jnrr2025.irisa.fr\/?page_id=83"},"modified":"2025-09-30T12:48:56","modified_gmt":"2025-09-30T10:48:56","slug":"comite-dorganisation","status":"publish","type":"page","link":"https:\/\/jnrr2025.irisa.fr\/bre\/comite-dorganisation\/","title":{"rendered":"Komite ar stiradeg"},"content":{"rendered":"<div class=\"wp-block-group responsive-table\"><div class=\"wp-block-group__inner-container is-layout-flow wp-block-group-is-layout-flow\"><\/div><\/div>\n\n\n\n<h2 class=\"wp-block-heading\"><strong>Aozerien<\/strong><\/h2>\n\n\n\n<div class=\"wp-block-group responsive-table\"><div class=\"wp-block-group__inner-container is-layout-flow wp-block-group-is-layout-flow\">\n<figure class=\"wp-block-table\">\n  <table style=\"border-collapse: collapse; width: 100%; border: none;\">\n    <tbody>\n      <tr>\n        <td style=\"text-align: center; border: none; padding: 15px;\">\n          <img decoding=\"async\" src=\"https:\/\/jnrr2025.irisa.fr\/files\/2025\/04\/paolo_robuffo_giordano_cc_irisa_1.jpg\" alt=\"Paolo Robuffo Giordano\" style=\"width:150px; border-radius: 10px;\">\n          <div style=\"margin-top: 10px;\">\n            <a href=\"https:\/\/team.inria.fr\/rainbow\/team\/prg\/\" target=\"_blank\" rel=\"noreferrer noopener\" style=\"font-weight: bold; text-decoration: none; color: #222;\">Paolo Robuffo Giordano<\/a><br>\n            Directeur de recherche CNRS <br> IRISA\n          <\/div>\n        <\/td>\n        <td style=\"text-align: center; border: none; padding: 15px;\">\n          <img decoding=\"async\" src=\"https:\/\/jnrr2025.irisa.fr\/files\/2025\/04\/Guillaume_big.png\" alt=\"Guillaume Allibert\" style=\"width:150px; border-radius: 10px;\">\n          <div style=\"margin-top: 10px;\">\n            <a href=\"https:\/\/univ-cotedazur.fr\/guillaume-allibert\" target=\"_blank\" rel=\"noreferrer noopener\" style=\"font-weight: bold; text-decoration: none; color: #222;\">Guillaume Allibert<\/a><br>\n            Professeur Universit\u00e9 C\u00f4te d&#8217;Azur <br> I3S\n          <\/div>\n        <\/td>\n      <\/tr>\n    <\/tbody>\n  <\/table>\n<\/figure>\n<\/div><\/div>\n\n\n\n<h2 class=\"wp-block-heading\"><strong><strong>Kuzul aozadur lec&#8217;hel<\/strong><\/strong><\/h2>\n\n\n\n<div class=\"wp-block-group responsive-table\"><div class=\"wp-block-group__inner-container is-layout-flow wp-block-group-is-layout-flow\">\n<ul class=\"wp-block-list\">\n<li>Edith Blin (Inria)<\/li>\n\n\n\n<li>Fran\u00e7ois Chaumette (Inria, IRISA)<\/li>\n\n\n\n<li>Catherine Desmonts (IRISA)<\/li>\n\n\n\n<li>Zo\u00e9 Genevi\u00e8ve (IRISA)<\/li>\n\n\n\n<li>Catherine Jacques Orban (IRISA)<\/li>\n\n\n\n<li>Antoine L&#8217;Azou (CNRS, IRISA)<\/li>\n\n\n\n<li>Claudio Pacchierotti (CNRS, IRISA)<\/li>\n\n\n\n<li>H\u00e9l\u00e8ne de la Ru\u00e9e (IRISA)<\/li>\n\n\n\n<li>Fabien Spindler (Inria, IRISA)<\/li>\n<\/ul>\n<\/div><\/div>\n\n\n\n<h2 class=\"wp-block-heading\">Kuzul-aoza\u00f1 lec&#8217;hel<\/h2>\n\n\n\n<div class=\"wp-block-group responsive-table\"><div class=\"wp-block-group__inner-container is-layout-flow wp-block-group-is-layout-flow\"><\/div><\/div>\n\n\n\n<div class=\"wp-block-group\"><div class=\"wp-block-group__inner-container is-layout-flow wp-block-group-is-layout-flow\"><\/div><\/div>\n\n\n\n<ul class=\"wp-block-list\">\n<li>Guillaume Allibert (Universit\u00e9 C\u00f4te d\u2019Azur, I3S)<\/li>\n\n\n\n<li>Marie Babel (INSA Rennes, IRISA)<\/li>\n\n\n\n<li>Tommaso Belvedere (CNRS, IRISA)<\/li>\n\n\n\n<li>Aude Bolopion (CNRS, FEMTO-ST)<\/li>\n\n\n\n<li>Lara Brinon-Arranz (Grenoble INP, Gipsa Lab)<\/li>\n\n\n\n<li>Sebastien Briot (CNRS, LS2N)<\/li>\n\n\n\n<li>Justin Carpentier (Inria, Paris)<\/li>\n\n\n\n<li>St\u00e9phane Caro (CNRS, LS2N)<\/li>\n\n\n\n<li>Fran\u00e7ois Chaumette (Inria, Rennes)<\/li>\n\n\n\n<li>V\u00e9ronique Cherfaoui (UTC, Heudiasyc)<\/li>\n\n\n\n<li>Marco Cognetti (Universit\u00e9 de Toulouse, LAAS)<\/li>\n\n\n\n<li>Madalina Croitoru (CNRS, LIRMM)<\/li>\n\n\n\n<li>Claire Dune (Universit\u00e9 de Toulon, COSMER)<\/li>\n\n\n\n<li>Marco Ferro (CNRS, IRISA)<\/li>\n\n\n\n<li>Marc Gouttefarde (CNRS, LIRMM)<\/li>\n\n\n\n<li>Alexandre Krupa (Inria, Rennes)<\/li>\n\n\n\n<li>Nicolas Mansard (CNRS, LAAS)<\/li>\n\n\n\n<li>Pauline Maurice (CNRS, LORIA)<\/li>\n\n\n\n<li>Claudio Pacchierotti (CNRS, IRISA)<\/li>\n\n\n\n<li>Alessandro Renzaglia (Inria, Lyon)<\/li>\n\n\n\n<li>Paolo Robuffo Giordano (CNRS, IRISA)<\/li>\n\n\n\n<li>Lennart Rubbert (INSA Strasbourg, ICube)<\/li>\n\n\n\n<li>C\u00e9line Teuli\u00e8re (Universit\u00e9 Clermont Auvergne, Institut Pascal)<\/li>\n\n\n\n<li>Catherine Tessier (ONERA, Toulouse)<\/li>\n\n\n\n<li>Christophe Viel (ENSTA Bretagne)<\/li>\n\n\n\n<li>Margot Vulliez (Inria, Bordeaux)<\/li>\n<\/ul>","protected":false},"excerpt":{"rendered":"<p>Aozerien Paolo Robuffo Giordano Directeur de recherche CNRS IRISA Guillaume Allibert Professeur Universit\u00e9 C\u00f4te d&#8217;Azur I3S Kuzul aozadur lec&#8217;hel Kuzul-aoza\u00f1 lec&#8217;hel<\/p>\n<p> <a class=\"continue-reading-link\" href=\"https:\/\/jnrr2025.irisa.fr\/bre\/comite-dorganisation\/\"><span>Continue reading<\/span><i class=\"crycon-right-dir\"><\/i><\/a> <\/p>\n","protected":false},"author":1364,"featured_media":0,"parent":0,"menu_order":0,"comment_status":"closed","ping_status":"closed","template":"","meta":{"footnotes":""},"class_list":["post-83","page","type-page","status-publish","hentry"],"_links":{"self":[{"href":"https:\/\/jnrr2025.irisa.fr\/bre\/wp-json\/wp\/v2\/pages\/83","targetHints":{"allow":["GET"]}}],"collection":[{"href":"https:\/\/jnrr2025.irisa.fr\/bre\/wp-json\/wp\/v2\/pages"}],"about":[{"href":"https:\/\/jnrr2025.irisa.fr\/bre\/wp-json\/wp\/v2\/types\/page"}],"author":[{"embeddable":true,"href":"https:\/\/jnrr2025.irisa.fr\/bre\/wp-json\/wp\/v2\/users\/1364"}],"replies":[{"embeddable":true,"href":"https:\/\/jnrr2025.irisa.fr\/bre\/wp-json\/wp\/v2\/comments?post=83"}],"version-history":[{"count":55,"href":"https:\/\/jnrr2025.irisa.fr\/bre\/wp-json\/wp\/v2\/pages\/83\/revisions"}],"predecessor-version":[{"id":757,"href":"https:\/\/jnrr2025.irisa.fr\/bre\/wp-json\/wp\/v2\/pages\/83\/revisions\/757"}],"wp:attachment":[{"href":"https:\/\/jnrr2025.irisa.fr\/bre\/wp-json\/wp\/v2\/media?parent=83"}],"curies":[{"name":"wp","href":"https:\/\/api.w.org\/{rel}","templated":true}]}}