

{"id":613,"date":"2025-09-04T21:27:11","date_gmt":"2025-09-04T19:27:11","guid":{"rendered":"https:\/\/jnrr2025.irisa.fr\/?page_id=613"},"modified":"2025-09-19T13:03:18","modified_gmt":"2025-09-19T11:03:18","slug":"evenements-sociaux","status":"publish","type":"page","link":"https:\/\/jnrr2025.irisa.fr\/bre\/programme\/evenements-sociaux\/","title":{"rendered":"Darvoudo\u00f9 sokial"},"content":{"rendered":"<h2 class=\"wp-block-heading\">Darvoudo\u00f9 sokial<\/h2>\n\n\n\n<style>\n        body {\n            font-family: -apple-system, BlinkMacSystemFont, 'Segoe UI', Roboto, sans-serif;\n            margin: 40px;\n            background-color: #fafafa;\n            color: #333;\n        }\n        \n        .container {\n            max-width: 900px;\n            margin: 0 auto;\n            background: white;\n            border-radius: 8px;\n            box-shadow: 0 2px 10px rgba(0, 0, 0, 0.1);\n            overflow: hidden;\n        }\n        \n        .header {\n            background-color: #4a5568;\n            color: white;\n            padding: 20px;\n            text-align: center;\n        }\n        \n        .header h1 {\n            margin: 0;\n            font-size: 1.8em;\n        }\n        \n        .event {\n            display: flex;\n            padding: 30px;\n            border-bottom: 1px solid #e2e8f0;\n            gap: 30px;\n            align-items: flex-start;\n        }\n        \n        .event:last-child {\n            border-bottom: none;\n        }\n        \n        .event img {\n            border-radius: 6px;\n            box-shadow: 0 2px 8px rgba(0, 0, 0, 0.15);\n            flex-shrink: 0;\n        }\n        \n        .event-content {\n            flex: 1;\n        }\n        \n        .event-date {\n            font-weight: bold;\n            color: #2d3748;\n            font-size: 1.1em;\n            margin-bottom: 12px;\n        }\n        \n        .event-description {\n            line-height: 1.6;\n            margin-bottom: 15px;\n        }\n        \n        .badge-notice {\n            background-color: #fed7d7;\n            color: #c53030;\n            padding: 12px;\n            border-radius: 4px;\n            font-weight: bold;\n            margin: 15px 0;\n        }\n        \n        .address-info {\n            background-color: #f7fafc;\n            padding: 15px;\n            border-radius: 4px;\n            border-left: 3px solid #4299e1;\n            margin-top: 15px;\n        }\n        \n        .address-info strong {\n            color: #2d3748;\n        }\n        \n        a {\n            color: #3182ce;\n            text-decoration: none;\n        }\n        \n        a:hover {\n            text-decoration: underline;\n        }\n        \n        @media (max-width: 768px) {\n            body {\n                margin: 20px;\n            }\n            \n            .event {\n                flex-direction: column;\n                gap: 20px;\n            }\n            \n            .event img {\n                max-width: 100%;\n                height: auto;\n            }\n        }\n    <\/style>\n\n        \n      <div class=\"event\">\n    <img decoding=\"async\" src=\"https:\/\/jnrr2025.irisa.fr\/files\/2025\/09\/littledelirium.jpg\" alt=\"Little Delirium Caf\u00e9\" width=\"300\">\n    <div class=\"event-content\">\n     <a id=\"delirium\">   <div class=\"event-date\">Meurzh 30 Gwengolo (8e noz)<\/div>\n        <div class=\"event-description\">\n        <\/a>    Ur c\u2019hoktel-diner a vo aozet e <em>Little Delirium Caf\u00e9<\/em>, e-kreiz-k\u00ear Roazhon.\n        <\/div>\n        \n        <div class=\"badge-notice\">\n            Na ziso\u00f1jit ket ho badge JNRR evit mont e-barzh.\n        <\/div>\n        \n        <div class=\"address-info\">\n            <strong>Chomlec\u2019h Little Delirium Caf\u00e9 :<\/strong><br>\n            <a href=\"https:\/\/maps.app.goo.gl\/CVeCySTQNNBr4HMH7\" target=\"_blank\" rel=\"noopener\">16 Rue d&#8217;Isly, Roazhon<\/a><br>\n            Metro \u2013 Linenn A : Charles de Gaulle\n        <\/div>\n    <\/div>\n<\/div>\n\n<div class=\"event\">\n    <img decoding=\"async\" src=\"https:\/\/jnrr2025.irisa.fr\/files\/2025\/09\/chateau.jpg\" alt=\"Ch\u00e2teau d'Apign\u00e9\" width=\"300\">\n    <div class=\"event-content\">\n        <div class=\"event-date\">Merc\u2019her 1 Here (6e30 g.m. \u2013 12e30 noz)<\/div>\n        <div class=\"event-description\">\n         <a id=\"chateau\"><\/a>   An nozvezh a vo dalc\u2019het e <strong>Ch\u00e2teau d&#8217;Apign\u00e9<\/strong>.\n        <\/div>\n        \n        <div class=\"address-info\">\n            <strong>Transport :<\/strong><br>\n            Navetenno\u00f9 a vo roet goude fin ar c\u2019hendiviz. Etre ar c\u2019hampus Beaulieu \n            (<a href=\"https:\/\/maps.app.goo.gl\/U7GhPx1bHXaMNEKC8\" target=\"_blank\" rel=\"noopener\">Diapason<\/a>) hag al lec\u2019h-ma\u00f1 e vo kaset ac\u2019hanoc\u2019h war-eeun.<br><br>\n            Distrei\u00f1 a vo da 11e45 noz diwar Ch\u00e2teau d&#8217;Apign\u00e9e gant degouezh e kreiz-k\u00ear Roazhon, <a href=\"https:\/\/maps.app.goo.gl\/4EdE48pe4zb6fyYv6\">Boulevard Magenta<\/a>.\n        <\/div>\n    <\/div>\n<\/div>","protected":false},"excerpt":{"rendered":"<p>Darvoudo\u00f9 sokial Meurzh 30 Gwengolo (8e noz) Ur c\u2019hoktel-diner a vo aozet e Little Delirium Caf\u00e9, e-kreiz-k\u00ear Roazhon. Na ziso\u00f1jit ket ho badge JNRR evit mont e-barzh. Chomlec\u2019h Little Delirium Caf\u00e9 : 16 Rue d&#8217;Isly, Roazhon Metro \u2013 Linenn A : Charles de Gaulle Merc\u2019her 1 Here (6e30 g.m. \u2013\u2026<\/p>\n<p> <a class=\"continue-reading-link\" href=\"https:\/\/jnrr2025.irisa.fr\/bre\/programme\/evenements-sociaux\/\"><span>Continue reading<\/span><i class=\"crycon-right-dir\"><\/i><\/a> <\/p>\n","protected":false},"author":1364,"featured_media":0,"parent":156,"menu_order":0,"comment_status":"closed","ping_status":"closed","template":"","meta":{"footnotes":""},"class_list":["post-613","page","type-page","status-publish","hentry"],"_links":{"self":[{"href":"https:\/\/jnrr2025.irisa.fr\/bre\/wp-json\/wp\/v2\/pages\/613","targetHints":{"allow":["GET"]}}],"collection":[{"href":"https:\/\/jnrr2025.irisa.fr\/bre\/wp-json\/wp\/v2\/pages"}],"about":[{"href":"https:\/\/jnrr2025.irisa.fr\/bre\/wp-json\/wp\/v2\/types\/page"}],"author":[{"embeddable":true,"href":"https:\/\/jnrr2025.irisa.fr\/bre\/wp-json\/wp\/v2\/users\/1364"}],"replies":[{"embeddable":true,"href":"https:\/\/jnrr2025.irisa.fr\/bre\/wp-json\/wp\/v2\/comments?post=613"}],"version-history":[{"count":22,"href":"https:\/\/jnrr2025.irisa.fr\/bre\/wp-json\/wp\/v2\/pages\/613\/revisions"}],"predecessor-version":[{"id":699,"href":"https:\/\/jnrr2025.irisa.fr\/bre\/wp-json\/wp\/v2\/pages\/613\/revisions\/699"}],"up":[{"embeddable":true,"href":"https:\/\/jnrr2025.irisa.fr\/bre\/wp-json\/wp\/v2\/pages\/156"}],"wp:attachment":[{"href":"https:\/\/jnrr2025.irisa.fr\/bre\/wp-json\/wp\/v2\/media?parent=613"}],"curies":[{"name":"wp","href":"https:\/\/api.w.org\/{rel}","templated":true}]}}