

{"id":480,"date":"2025-06-27T13:29:15","date_gmt":"2025-06-27T11:29:15","guid":{"rendered":"https:\/\/jnrr2025.irisa.fr\/?page_id=480"},"modified":"2025-07-09T03:54:14","modified_gmt":"2025-07-09T01:54:14","slug":"code-de-conduit","status":"publish","type":"page","link":"https:\/\/jnrr2025.irisa.fr\/bre\/code-de-conduit\/","title":{"rendered":"Kod an emzalc&#8217;h"},"content":{"rendered":"<p>Ar JNRR a glask kinnig un endro a zerez, sur ha tolpadus da bep den o kemer perzh er deizio\u00f9 skiantel-se, hag ivez d&#8217;ar re eus al laboradenn a degemeras an darvoud hep dishe\u00f1velder, da lavaret eo hep ober van eus oad, eus stad o yec&#8217;hed, eus o so\u00f1jo\u00f9 politikel, eus o c&#8217;hefridio\u00f9 skourr, eus o feuleder a zeu eus o stad arc&#8217;hantel, eus o revelezh, eus o ziforc&#8217;hidigezh, eus o obererezhio\u00f9 strolladlek, eus o anv, eus o c&#8217;halloud da ziskouez o mennozhio\u00f9 en un all yezh eget ar galleg, eus o orin, eus o perzhio\u00f9 genek, eus o so\u00f1jo\u00f9 prederour, eus o doareo\u00f9, eus o chomlec&#8217;h bank, eus o identitez revelezhel, eus o reizhadurezh revel, eus o c&#8217;holl a emrenerezh, eus o lec&#8217;h chom, eus o feurio\u00f9, eus o stad a-zivout ar familh, eus o so\u00f1jo\u00f9, eus o feiz, eus o aferio\u00f9 relijiel ha nann relijiel, hag eus o aferio\u00f9 a-zivout ur bobl pe ur vro.<\/p>\n\n\n\n<p>Kinnig JNRR hep dishe\u00f1velder a zle beza\u00f1 graet gant ur gumuniezh hag un endro a anaveze hag a zerezfe talvoud krouet gant pep den.<\/p>\n\n\n\n<p>Pal an deizio\u00f9-se a zo eskemm frankizio\u00f9, diskouez labourio\u00f9 skiantel, ha kinnig un diskuizh diwar-benn an danvezio\u00f9 skiantel a zo kreizenn an deizio\u00f9-se, en ur spered digor d&#8217;ar so\u00f1j hag eus mad ar galon. Ar re a gemero perzh er JNRR a asanto da zalc&#8217;her ar liveo\u00f9 uhela\u00f1 a-zivout onestez skiantel (fizius, onestez, douja\u00f1s, respont), emzalc&#8217;h respontus dirak ar re all (furnez, reizhder, douja\u00f1s), hag dirak an endro (lezel al lec&#8217;hio\u00f9 glan, na wasta\u00f1 trao\u00f9, na drouga\u00f1s ar binvio\u00f9), hag ober en un doare etek ha micherel.<\/p>\n\n\n\n<p>Ar re a gemero perzh er JNRR a asanto da ziskouez ur c&#8217;hempennadenn hep harz-lamm e-pad an darvoud, o douja\u00f1s d&#8217;an talvoudegezh hag d&#8217;ar gwirio\u00f9 a bep den hep drouga\u00f1s d&#8217;e davenno\u00f9 micherel. Ret eo ivez so\u00f1jal ez eus hierarkiezho\u00f9 sklaer pe so\u00f1jet el lec&#8217;h labour skiantel hag a c&#8217;hell rei\u00f1 diaezamanto\u00f9 d&#8217;ar re nevez er gumuniezh da ziskouez o dizemglev diwar-benn komzo\u00f9 pe emzalc&#8217;hio\u00f9.<\/p>\n\n\n\n<p>An emzalc&#8217;hio\u00f9 da-heul a zo sellet oute evel digemerus:<\/p>\n\n\n\n<ul class=\"wp-block-list\"><li>Gourc&#8217;hemenno\u00f9 pe emzalc&#8217;hio\u00f9 tagus enep un den all.<\/li><li>Fent pe embererezhio\u00f9 all a zo natur dishe\u00f1vel.<\/li><li>Embererezhio\u00f9 a zo natur revelezhel.<\/li><li>Diskuliadur pe gourdrouzo\u00f9 da ziskulia\u00f1 ditouro\u00f9 eskemmet e-kerzh komzo\u00f9 prevez hep asant ar re a zo bet en obererezh, en o zouez war ar rouedado\u00f9 sokial.<\/li><li>Droukkomzo\u00f9 personel, dreist-holl o implijout termeno\u00f9 razistel, revelezhel, homofobek pe xenofobek.<\/li><li>Goulennio\u00f9 dizereat evit keja\u00f1s emzalc&#8217;hel pe gorfel, evel ar c&#8217;houlenno\u00f9 revel, ar c&#8217;heja\u00f1s a zo natur revel, hag ar jestro\u00f9 pe ar c&#8217;hemmenno\u00f9 a denn d&#8217;ar revelezh, d&#8217;ar revelezh revel, pe d&#8217;an dilhad eus un den all.<\/li><li>Ar goulenn da che\u00f1ch ar perzhio\u00f9 deskrivet a-us.<\/li><\/ul>\n\n\n\n<p>Ar c&#8217;huzul aoza\u00f1 ar JNRR a zalc&#8217;h e wir da kemer bep ober a so\u00f1jal reizh diwar goude un torfed d&#8217;ar C&#8217;hod emzalc&#8217;h-ma\u00f1. En oberio\u00f9-se ema\u00f1, hep ober van eus ar re all, kas d&#8217;an holl aozio\u00f9 arc&#8217;hantel ha diskarzhadenn badezel eus ar JNRR. Da gompren eo an harzlamma\u00f1s revel, an harzlamma\u00f1s speredel hag an droukkomzo\u00f9 a zo natur razistel pe dishe\u00f1vel a zo torfedo\u00f9 kastizet gant al lezenno\u00f9. E keit ma vez torret ar C&#8217;hod emzalc&#8217;h, ar re a zo bet taget pe ar re a zo bet testo\u00f9 o deus ar galloud da gontakti\u00f1 ar C&#8217;huzul aoza\u00f1.<\/p>\n\n\n\n<p><strong>Dud-darempredo\u00f9<\/strong><\/p>\n\n\n\n<figure class=\"wp-block-table\">\n<table style=\"width: 100%;\">\n<tbody>\n<tr>\n<td style=\"width: 18.5715%;\"><img loading=\"lazy\" decoding=\"async\" width=\"150\" height=\"200\" class=\"wp-image-485\" style=\"width: 150px;\" src=\"https:\/\/jnrr2025.irisa.fr\/files\/2025\/07\/clairedune-scaled.jpg\" alt=\"\" srcset=\"https:\/\/jnrr2025.irisa.fr\/files\/2025\/07\/clairedune-scaled.jpg 1920w, https:\/\/jnrr2025.irisa.fr\/files\/2025\/07\/clairedune-225x300.jpg 225w, https:\/\/jnrr2025.irisa.fr\/files\/2025\/07\/clairedune-768x1024.jpg 768w, https:\/\/jnrr2025.irisa.fr\/files\/2025\/07\/clairedune-1152x1536.jpg 1152w, https:\/\/jnrr2025.irisa.fr\/files\/2025\/07\/clairedune-1536x2048.jpg 1536w, https:\/\/jnrr2025.irisa.fr\/files\/2025\/07\/clairedune-113x150.jpg 113w\" sizes=\"auto, (max-width: 150px) 100vw, 150px\" \/><\/td>\n<td style=\"width: 81.3095%;\">Claire Dune<br>Laboratoire COSMER \/ IUT GEII<br>Universit\u00e9 de TOULON<\/td>\n<\/tr>\n<tr>\n<td style=\"width: 18.5715%;\"><img loading=\"lazy\" decoding=\"async\" width=\"150\" height=\"150\" class=\"wp-image-192\" style=\"width: 150px;\" src=\"https:\/\/jnrr2025.irisa.fr\/files\/2025\/04\/ClaudioPacchierotti.jpg\" alt=\"\" srcset=\"https:\/\/jnrr2025.irisa.fr\/files\/2025\/04\/ClaudioPacchierotti.jpg 769w, https:\/\/jnrr2025.irisa.fr\/files\/2025\/04\/ClaudioPacchierotti-300x300.jpg 300w, https:\/\/jnrr2025.irisa.fr\/files\/2025\/04\/ClaudioPacchierotti-150x150.jpg 150w\" sizes=\"auto, (max-width: 150px) 100vw, 150px\" \/><\/td>\n<td style=\"width: 81.3095%;\">Claudio Pacchierotti<br>IRISA \/ CNRS<\/td>\n<\/tr>\n<\/tbody>\n<\/table>\n<\/figure>\n\n\n\n<p><strong>Mamm<\/strong><br>Anne-C\u00e9cile Orgerie. Code de conduite &#8211; Journ\u00e9es scientifiques.\u00a0<em>GreenDays 2025<\/em>, Mar 2025, Rennes, France.\u00a0<a href=\"https:\/\/inria.hal.science\/hal-05041948\">https:\/\/inria.hal.science\/hal-05041948<\/a><\/p>","protected":false},"excerpt":{"rendered":"<p>Ar JNRR a glask kinnig un endro a zerez, sur ha tolpadus da bep den o kemer perzh er deizio\u00f9 skiantel-se, hag ivez d&#8217;ar re eus al laboradenn a degemeras an darvoud hep dishe\u00f1velder, da lavaret eo hep ober van eus oad, eus stad o yec&#8217;hed, eus o so\u00f1jo\u00f9 politikel,\u2026<\/p>\n<p> <a class=\"continue-reading-link\" href=\"https:\/\/jnrr2025.irisa.fr\/bre\/code-de-conduit\/\"><span>Continue reading<\/span><i class=\"crycon-right-dir\"><\/i><\/a> <\/p>\n","protected":false},"author":1364,"featured_media":0,"parent":0,"menu_order":0,"comment_status":"closed","ping_status":"closed","template":"","meta":{"footnotes":""},"class_list":["post-480","page","type-page","status-publish","hentry"],"_links":{"self":[{"href":"https:\/\/jnrr2025.irisa.fr\/bre\/wp-json\/wp\/v2\/pages\/480","targetHints":{"allow":["GET"]}}],"collection":[{"href":"https:\/\/jnrr2025.irisa.fr\/bre\/wp-json\/wp\/v2\/pages"}],"about":[{"href":"https:\/\/jnrr2025.irisa.fr\/bre\/wp-json\/wp\/v2\/types\/page"}],"author":[{"embeddable":true,"href":"https:\/\/jnrr2025.irisa.fr\/bre\/wp-json\/wp\/v2\/users\/1364"}],"replies":[{"embeddable":true,"href":"https:\/\/jnrr2025.irisa.fr\/bre\/wp-json\/wp\/v2\/comments?post=480"}],"version-history":[{"count":10,"href":"https:\/\/jnrr2025.irisa.fr\/bre\/wp-json\/wp\/v2\/pages\/480\/revisions"}],"predecessor-version":[{"id":499,"href":"https:\/\/jnrr2025.irisa.fr\/bre\/wp-json\/wp\/v2\/pages\/480\/revisions\/499"}],"wp:attachment":[{"href":"https:\/\/jnrr2025.irisa.fr\/bre\/wp-json\/wp\/v2\/media?parent=480"}],"curies":[{"name":"wp","href":"https:\/\/api.w.org\/{rel}","templated":true}]}}