

{"id":4,"date":"2011-12-08T11:55:34","date_gmt":"2011-12-08T10:55:34","guid":{"rendered":"http:\/\/project.inria.fr\/template1\/?page_id=4"},"modified":"2025-09-01T18:08:44","modified_gmt":"2025-09-01T16:08:44","slug":"home","status":"publish","type":"page","link":"https:\/\/jnrr2025.irisa.fr\/bre\/","title":{"rendered":"Degemer"},"content":{"rendered":"<p><strong>Deizio\u00f9 Broadel an Enklask war ar Roboterezh (DBER)<\/strong> a zegas bep daou vloaz asambles holl gumuniezh ar re a ra enklask war ar roboterezh e Bro-C&#8217;hall, ez int o labourat en ensavadurio\u00f9 publik pe en embregerezhio\u00f9 prevez.<\/p>\n\n\n\n<p>Ur prantad eo evit ober un tamm poent war ar pezh a zo nevez er roboterezh, diazeza\u00f1 ha kre\u00f1vaat kenlabouradego\u00f9, ha prienti\u00f1 an dazont.<\/p>\n\n\n\n<p>E 2025, evit o 15vet embannadur, e tistroio ar JNRR da Vreizh hag e vo dalc&#8217;het e <strong>Roazhon,<\/strong> adal al <strong>lun 29 a viz Gwengolo betek ar gwener 3 a viz Here:<\/strong><\/p>\n\n\n\n<ul class=\"wp-block-list\"><li class=\"\"><strong>Lun 29 a viz Gwengolo<\/strong> : <em>Deiz ar Yaouank-Enklaskourien war ar Roboterezh (JJCR)<\/em><\/li><li class=\"\"><strong>Meurzh 30 a viz Gwengolo \u2192 Yaou 2 a viz Here<\/strong> : <em>Deizio\u00f9 Broadel an Enklask war ar Roboterezh (JNRR)<\/em><\/li><li class=\"\"><strong>Gwener 3 a viz Here da vintin<\/strong> : <em>Ataliero\u00f9 tematek (workshopio\u00f9)<\/em><\/li><\/ul>\n\n\n\n<p>Daou-ugent vloaz goude darvoud Guidel (e departamant Mor-Bihan), ur blijadur eo degemer en-dro kumuniezh roboterezh Fra\u00f1s e Breizh!<\/p>\n\n\n\n<p><mark style=\"background-color:rgba(0, 0, 0, 0)\" class=\"has-inline-color has-vivid-red-color\"><strong>Diwallit<\/strong>\u202f:<\/mark> evel gant an div ge\u00f1veriad kenta\u00f1 bet aozet e LAAS hag e LIRMM, ne vez ket kouvernet an ostaleri gant priz an enskrivadur. <strong>Klaskit buka\u00f1 un ostaleri a-raok ar mare mat!<\/strong><\/p>\n\n\n\n<p>Trugarekaat a reomp a galon hor skipailho\u00f9-skoazell evit o souten ouzh aozadur ar rummad-ma\u00f1 eus <strong>Deizio\u00f9 Broadel an Enklask war ar Roboterezh<\/strong>.<\/p>\n\n\n\n<div class=\"sponsors-grid highlight\">\n  <div class=\"sponsor\">\n    <a href=\"https:\/\/tirrex.fr\/\" target=\"_blank\" rel=\"noopener\">\n      <img decoding=\"async\" src=\"https:\/\/jnrr2025.irisa.fr\/files\/2025\/06\/Tirrex.png\" alt=\"TIRREX\">\n    <\/a>\n  <\/div>\n  <div class=\"sponsor\">\n    <a href=\"https:\/\/www.cea.fr\/\" target=\"_blank\" rel=\"noopener\">\n      <img decoding=\"async\" src=\"https:\/\/encrypted-tbn0.gstatic.com\/images?q=tbn:ANd9GcR-hufhfIRLXVjrdBXHfzfV7I1lZ-ZKQIy4_Q&amp;s\" alt=\"CEA\">\n    <\/a>\n  <\/div>\n  <div class=\"sponsor\">\n    <a href=\"https:\/\/pal-robotics.com\/\" target=\"_blank\" rel=\"noopener\">\n      <img decoding=\"async\" src=\"https:\/\/jnrr2025.irisa.fr\/files\/2025\/05\/PAL.png\" alt=\"PAL\">\n    <\/a>\n  <\/div>\n  <div class=\"sponsor\">\n    <a href=\"https:\/\/www.airbus.com\" target=\"_blank\" rel=\"noopener\">\n      <img decoding=\"async\" src=\"https:\/\/jnrr2025.irisa.fr\/files\/2025\/05\/AIRBUS_Blue.png\" alt=\"Airbus\">\n    <\/a>\n  <\/div>\n  <div class=\"sponsor\">\n    <a href=\"https:\/\/www.batechgroup.com\/\" target=\"_blank\" rel=\"noopener\">\n      <img decoding=\"async\" src=\"https:\/\/jnrr2025.irisa.fr\/files\/2025\/05\/BA-Group.jpg\" alt=\"BA Group\">\n    <\/a>\n  <\/div>\n  <div class=\"sponsor\">\n    <a href=\"https:\/\/www.irt-jules-verne.fr\" target=\"_blank\" rel=\"noopener\">\n      <img decoding=\"async\" src=\"https:\/\/jnrr2025.irisa.fr\/files\/2025\/06\/IRT_LOGO_RVB-COULEURS-scaled.jpg\" alt=\"IRT Jules Verne\">\n    <\/a>\n  <\/div>\n <div class=\"sponsor\">\n    <a href=\"https:\/\/www.atem.com\/fr\/\" target=\"_blank\" rel=\"noopener\">\n      <img decoding=\"async\" src=\"https:\/\/jnrr2025.irisa.fr\/files\/2025\/09\/ATEM.png\" alt=\"ATEM\">\n    <\/a>\n  <\/div>\n<\/div>\n\n<br><br>\n\n<div class=\"sponsors-grid\">\n  <div class=\"sponsor\">\n    <a href=\"https:\/\/www.cimpa.com\" target=\"_blank\" rel=\"noopener\">\n      <img decoding=\"async\" src=\"https:\/\/upload.wikimedia.org\/wikipedia\/commons\/thumb\/a\/ad\/CIMPA_logo.svg\/1920px-CIMPA_logo.svg.png\" alt=\"Cimpa\">\n    <\/a>\n  <\/div>\n  <div class=\"sponsor\">\n    <a href=\"https:\/\/trinoma.fr\/\" target=\"_blank\" rel=\"noopener\">\n      <img decoding=\"async\" src=\"https:\/\/jnrr2025.irisa.fr\/files\/2025\/05\/logo_single_trinoma.png\" alt=\"Trinoma\">\n    <\/a>\n  <\/div>\n  <div class=\"sponsor\" style=\"margin-right: 30px;\">\n    <a href=\"http:\/\/equipex-robotex.fr\/\" target=\"_blank\" rel=\"noopener\">\n      <img decoding=\"async\" src=\"https:\/\/jnrr2025.irisa.fr\/files\/2025\/06\/ROBOTEX2.0-V1.png\" alt=\"Robotex 2.0\">\n    <\/a>\n  <\/div>\n  <div class=\"sponsor\">\n    <a href=\"https:\/\/enchanted.tools\" target=\"_blank\" rel=\"noopener\">\n      <img decoding=\"async\" src=\"https:\/\/jnrr2025.irisa.fr\/files\/2025\/06\/Logo_Enchanted_Tools_central.png\" alt=\"Enchanted Tools\">\n    <\/a>\n  <\/div>\n  <div class=\"sponsor\">\n    <a href=\"https:\/\/cogniman.eu\" target=\"_blank\" rel=\"noopener\">\n      <img decoding=\"async\" src=\"https:\/\/jnrr2025.irisa.fr\/files\/2025\/06\/Cogniman-Logo-Fullcolour-scaled.jpg\" alt=\"Cogniman\">\n    <\/a>\n  <\/div>\n  <div class=\"sponsor\">\n    <a href=\"https:\/\/compliance-robotics.com\/\" target=\"_blank\" rel=\"noopener\">\n      <img decoding=\"async\" src=\"https:\/\/jnrr2025.irisa.fr\/files\/2025\/08\/Logo_CR_version_bloc_B_HD.jpg\" alt=\"Compliance Robotics\">\n    <\/a>\n  <\/div>\n<\/div>","protected":false},"excerpt":{"rendered":"<p>Deizio\u00f9 Broadel an Enklask war ar Roboterezh (DBER) a zegas bep daou vloaz asambles holl gumuniezh ar re a ra enklask war ar roboterezh e Bro-C&#8217;hall, ez int o labourat en ensavadurio\u00f9 publik pe en embregerezhio\u00f9 prevez. Ur prantad eo evit ober un tamm poent war ar pezh a zo\u2026<\/p>\n<p> <a class=\"continue-reading-link\" href=\"https:\/\/jnrr2025.irisa.fr\/bre\/\"><span>Continue reading<\/span><i class=\"crycon-right-dir\"><\/i><\/a> <\/p>\n","protected":false},"author":1,"featured_media":0,"parent":0,"menu_order":0,"comment_status":"closed","ping_status":"closed","template":"","meta":{"footnotes":""},"class_list":["post-4","page","type-page","status-publish","hentry"],"_links":{"self":[{"href":"https:\/\/jnrr2025.irisa.fr\/bre\/wp-json\/wp\/v2\/pages\/4","targetHints":{"allow":["GET"]}}],"collection":[{"href":"https:\/\/jnrr2025.irisa.fr\/bre\/wp-json\/wp\/v2\/pages"}],"about":[{"href":"https:\/\/jnrr2025.irisa.fr\/bre\/wp-json\/wp\/v2\/types\/page"}],"author":[{"embeddable":true,"href":"https:\/\/jnrr2025.irisa.fr\/bre\/wp-json\/wp\/v2\/users\/1"}],"replies":[{"embeddable":true,"href":"https:\/\/jnrr2025.irisa.fr\/bre\/wp-json\/wp\/v2\/comments?post=4"}],"version-history":[{"count":60,"href":"https:\/\/jnrr2025.irisa.fr\/bre\/wp-json\/wp\/v2\/pages\/4\/revisions"}],"predecessor-version":[{"id":581,"href":"https:\/\/jnrr2025.irisa.fr\/bre\/wp-json\/wp\/v2\/pages\/4\/revisions\/581"}],"wp:attachment":[{"href":"https:\/\/jnrr2025.irisa.fr\/bre\/wp-json\/wp\/v2\/media?parent=4"}],"curies":[{"name":"wp","href":"https:\/\/api.w.org\/{rel}","templated":true}]}}