

{"id":272,"date":"2025-04-24T11:48:39","date_gmt":"2025-04-24T09:48:39","guid":{"rendered":"https:\/\/jnrr2025.irisa.fr\/?page_id=272"},"modified":"2025-06-11T15:55:06","modified_gmt":"2025-06-11T13:55:06","slug":"accommodation","status":"publish","type":"page","link":"https:\/\/jnrr2025.irisa.fr\/bre\/accommodation\/","title":{"rendered":"Lojeiz"},"content":{"rendered":"<p><strong>Notenn<\/strong> : Evel evit ar c&#8217;henta\u00f1 div embann e LAAS (1997) ha LIRMM (1999), n&#8217;eo ket enkorfet an ostaleri e priz ar enskrivadur. Lakit ho prenota\u00f1 da benn abret!<\/p>\n\n\n\n<p><br>Rennes a ginnig kalz a zibabo\u00f9 lojeiz plijus ha lec\u2019hiet e kreiz-k\u00ear.<br>Evit ur roll diuzet a hostaleri e kalon k\u00ear Rennes, kit da welout lec\u2019hienn ofisiel an douristed e Rennes :<\/p>\n\n\n\n<p>\ud83d\udc49 <a href=\"https:\/\/www.tourisme-rennes.com\/hebergements\/hotels\/?_hebergement_classement=2toiles%2C3toiles%2C4toiles&amp;_acces=centreville\" target=\"_blank\" rel=\"noreferrer noopener\">Dibab a hostaleri e kreiz-k\u00ear Rennes<\/a><\/p>\n\n\n\n<p><strong>Evezhiit da brena\u00f1 abret evit beza\u00f1<\/strong> sur da gaout ar gwella\u00f1 digoradurio\u00f9 ha prizio\u00f9.<\/p>","protected":false},"excerpt":{"rendered":"<p>Notenn : Evel evit ar c&#8217;henta\u00f1 div embann e LAAS (1997) ha LIRMM (1999), n&#8217;eo ket enkorfet an ostaleri e priz ar enskrivadur. Lakit ho prenota\u00f1 da benn abret! Rennes a ginnig kalz a zibabo\u00f9 lojeiz plijus ha lec\u2019hiet e kreiz-k\u00ear.Evit ur roll diuzet a hostaleri e kalon k\u00ear Rennes,\u2026<\/p>\n<p> <a class=\"continue-reading-link\" href=\"https:\/\/jnrr2025.irisa.fr\/bre\/accommodation\/\"><span>Continue reading<\/span><i class=\"crycon-right-dir\"><\/i><\/a> <\/p>\n","protected":false},"author":1364,"featured_media":0,"parent":0,"menu_order":0,"comment_status":"closed","ping_status":"closed","template":"","meta":{"footnotes":""},"class_list":["post-272","page","type-page","status-publish","hentry"],"_links":{"self":[{"href":"https:\/\/jnrr2025.irisa.fr\/bre\/wp-json\/wp\/v2\/pages\/272","targetHints":{"allow":["GET"]}}],"collection":[{"href":"https:\/\/jnrr2025.irisa.fr\/bre\/wp-json\/wp\/v2\/pages"}],"about":[{"href":"https:\/\/jnrr2025.irisa.fr\/bre\/wp-json\/wp\/v2\/types\/page"}],"author":[{"embeddable":true,"href":"https:\/\/jnrr2025.irisa.fr\/bre\/wp-json\/wp\/v2\/users\/1364"}],"replies":[{"embeddable":true,"href":"https:\/\/jnrr2025.irisa.fr\/bre\/wp-json\/wp\/v2\/comments?post=272"}],"version-history":[{"count":15,"href":"https:\/\/jnrr2025.irisa.fr\/bre\/wp-json\/wp\/v2\/pages\/272\/revisions"}],"predecessor-version":[{"id":412,"href":"https:\/\/jnrr2025.irisa.fr\/bre\/wp-json\/wp\/v2\/pages\/272\/revisions\/412"}],"wp:attachment":[{"href":"https:\/\/jnrr2025.irisa.fr\/bre\/wp-json\/wp\/v2\/media?parent=272"}],"curies":[{"name":"wp","href":"https:\/\/api.w.org\/{rel}","templated":true}]}}